{"id":21,"date":"2021-04-22T15:34:40","date_gmt":"2021-04-22T15:34:40","guid":{"rendered":"https:\/\/sarmingasukis.lt\/?page_id=21"},"modified":"2021-04-23T07:52:41","modified_gmt":"2021-04-23T07:52:41","slug":"kas","status":"publish","type":"page","link":"https:\/\/sarmingasukis.lt\/index.php\/kas\/","title":{"rendered":"Kas?"},"content":{"rendered":"<div id=\"vuukle-powerbar\" class=\"vuukle-powerbar powerbarBoxDiv\" style=\" \" data-styles=\"\"><\/div><div id=\"vuukle-powerbar\" class=\"vuukle-powerbar-vertical powerbarBoxDiv\" style=\"position:fixed;                                                             z-index: 10001;                                                            width: 60px;                                                            max-width: 60px;                                                           left: 10px;                                                             top: 160px;min-height: 50px; \" data-styles=\"position:fixed;                                                             z-index: 10001;                                                            width: 60px;                                                            max-width: 60px;                                                           left: 10px;                                                             top: 160px;min-height: 50px;\"><\/div>\n<p>Esame jauni \u016bkininkai, pab\u0117g\u0119 nuo Vilniaus asfalto. Kuriam\u0117s Varni\u0161ki\u0173 mi\u0161k\u0173 apsuptyje (Trak\u0173 rajone). M\u016bs\u0173 \u0161eimos tikslas &#8211; atrasti kuo didesn\u0119 darn\u0105 su gamta, mokytis i\u0161 jos, gyventi sveikai ir dalintis sukauptomis \u017einiomis ir patirtimis su kitais. U\u017eauginame maisto pertekli\u0173, tod\u0117l d\u017eiugiai norime pasidalinti su tais, kurie neturi galimyb\u0117s u\u017esiauginti sveiko ir skanaus maisto. Vis\u0105 \u0160armingo \u016bkio pasi\u016bl\u0105 rasite <a href=\"https:\/\/sarmingasukis.lt\/index.php\/turgelis\/\" target=\"_blank\" rel=\"noreferrer noopener\">Turgelio skiltyje<\/a>. <\/p>\n\n\n\n<figure class=\"wp-block-image size-large is-resized is-style-rounded\"><img loading=\"lazy\" decoding=\"async\" src=\"https:\/\/i2.wp.com\/sarmingasukis.lt\/wp-content\/uploads\/2021\/04\/moliugai-2.jpg?resize=129%2C172&#038;ssl=1\" alt=\"\" class=\"wp-image-60\" width=\"129\" height=\"172\" srcset=\"https:\/\/i2.wp.com\/sarmingasukis.lt\/wp-content\/uploads\/2021\/04\/moliugai-2.jpg?w=302&amp;ssl=1 302w, https:\/\/i2.wp.com\/sarmingasukis.lt\/wp-content\/uploads\/2021\/04\/moliugai-2.jpg?resize=225%2C300&amp;ssl=1 225w\" sizes=\"(max-width: 129px) 100vw, 129px\" data-recalc-dims=\"1\" \/><\/figure>\n\n\n\n<p>Daugiau apie g\u0117rybes, \u016bkininkavimo b\u016bdus galite perskaityti skiltyje <a href=\"https:\/\/sarmingasukis.lt\/index.php\/kaip\/\" target=\"_blank\" rel=\"noreferrer noopener\">Kaip?<\/a><\/p>\n\n\n\n<p>Atsi\u0117mimo ir pristatymo s\u0105lygos skiltyje <a href=\"https:\/\/sarmingasukis.lt\/index.php\/kur\/\" target=\"_blank\" rel=\"noreferrer noopener\">Kur?<\/a><\/p>\n\n\n\n<p>\u016akio nuotykius, rekomenduojamus i\u0161bandyti receptus ar patarimus apie sveikesn\u012f gyvenimo b\u016bd\u0105 rasite <a href=\"https:\/\/sarmingasukis.lt\/index.php\/pasidalinimai\/\" target=\"_blank\" rel=\"noreferrer noopener\">Pasidalinim\u0173 skiltyje<\/a>.<\/p>\n\n\n\n<p>Sekite m\u016bs\u0173 naujienas, ra\u0161ykite atsiliepimus \u0160armingo \u016bkio <a href=\"https:\/\/www.facebook.com\/%C5%A0armingas-%C5%ABkis-106105994957099\" target=\"_blank\" rel=\"noreferrer noopener\">Facebook<\/a> paskyroje.<\/p>\n<div id=\"vuukle-powerbar\" class=\"vuukle-powerbar powerbarBoxDiv\" style=\"\" data-styles=\"\"><\/div><div id=\"vuukle-emote\"  class=\"emotesBoxDiv\"><\/div>","protected":false},"excerpt":{"rendered":"<p>Esame jauni \u016bkininkai, pab\u0117g\u0119 nuo Vilniaus asfalto. Kuriam\u0117s Varni\u0161ki\u0173 mi\u0161k\u0173 apsuptyje (Trak\u0173 rajone). M\u016bs\u0173 \u0161eimos tikslas &#8211; atrasti kuo didesn\u0119 darn\u0105 su gamta, mokytis i\u0161 jos, gyventi sveikai ir dalintis sukauptomis \u017einiomis ir patirtimis su kitais. U\u017eauginame maisto pertekli\u0173, tod\u0117l&#8230; <\/p>\n<div class=\"readmore-section\"><a href=\"https:\/\/sarmingasukis.lt\/index.php\/kas\/\"><input type=\"submit\" name=\"submit\" value=\"Continue reading&#8230;\" class=\"readmore-btn\" ><\/a><\/div>\n","protected":false},"author":1,"featured_media":0,"parent":0,"menu_order":0,"comment_status":"closed","ping_status":"closed","template":"","meta":{"spay_email":"","footnotes":""},"class_list":["post-21","page","type-page","status-publish","hentry"],"yoast_head":"<!-- This site is optimized with the Yoast SEO plugin v16.1.1 - https:\/\/yoast.com\/wordpress\/plugins\/seo\/ -->\n<title>Kas? - \u0160armingas \u016bkis<\/title>\n<meta name=\"description\" content=\"\u0160armingas \u016bkis, \u012fsik\u016br\u0119s Varni\u0161ki\u0173 mi\u0161kuose (Trak\u0173 rajone) dalinasi savo mi\u0161ko, dar\u017eo ir sodo g\u0117ryb\u0117mis. Tikras, skanus ir sveikas maistas.\" \/>\n<link rel=\"canonical\" href=\"https:\/\/sarmingasukis.lt\/index.php\/kas\/\" \/>\n<meta property=\"og:locale\" content=\"lt_LT\" \/>\n<meta property=\"og:type\" content=\"article\" \/>\n<meta property=\"og:title\" content=\"Kas? - \u0160armingas \u016bkis\" \/>\n<meta property=\"og:description\" content=\"\u0160armingas \u016bkis, \u012fsik\u016br\u0119s Varni\u0161ki\u0173 mi\u0161kuose (Trak\u0173 rajone) dalinasi savo mi\u0161ko, dar\u017eo ir sodo g\u0117ryb\u0117mis. Tikras, skanus ir sveikas maistas.\" \/>\n<meta property=\"og:url\" content=\"https:\/\/sarmingasukis.lt\/index.php\/kas\/\" \/>\n<meta property=\"og:site_name\" content=\"\u0160armingas \u016bkis\" \/>\n<meta property=\"article:modified_time\" content=\"2021-04-23T07:52:41+00:00\" \/>\n<meta property=\"og:image\" content=\"https:\/\/sarmingasukis.lt\/wp-content\/uploads\/2021\/04\/moliugai-2.jpg\" \/>\n<meta name=\"twitter:card\" content=\"summary_large_image\" \/>\n<meta name=\"twitter:label1\" content=\"Est. reading time\">\n\t<meta name=\"twitter:data1\" content=\"1 minut\u0117\">\n<script type=\"application\/ld+json\" class=\"yoast-schema-graph\">{\"@context\":\"https:\/\/schema.org\",\"@graph\":[{\"@type\":\"WebSite\",\"@id\":\"https:\/\/sarmingasukis.lt\/#website\",\"url\":\"https:\/\/sarmingasukis.lt\/\",\"name\":\"\\u0160armingas \\u016bkis\",\"description\":\"Just another WordPress site\",\"potentialAction\":[{\"@type\":\"SearchAction\",\"target\":\"https:\/\/sarmingasukis.lt\/?s={search_term_string}\",\"query-input\":\"required name=search_term_string\"}],\"inLanguage\":\"lt-LT\"},{\"@type\":\"ImageObject\",\"@id\":\"https:\/\/sarmingasukis.lt\/index.php\/kas\/#primaryimage\",\"inLanguage\":\"lt-LT\",\"url\":\"https:\/\/i2.wp.com\/sarmingasukis.lt\/wp-content\/uploads\/2021\/04\/moliugai-2.jpg?fit=302%2C403&ssl=1\",\"contentUrl\":\"https:\/\/i2.wp.com\/sarmingasukis.lt\/wp-content\/uploads\/2021\/04\/moliugai-2.jpg?fit=302%2C403&ssl=1\",\"width\":302,\"height\":403},{\"@type\":\"WebPage\",\"@id\":\"https:\/\/sarmingasukis.lt\/index.php\/kas\/#webpage\",\"url\":\"https:\/\/sarmingasukis.lt\/index.php\/kas\/\",\"name\":\"Kas? - \\u0160armingas \\u016bkis\",\"isPartOf\":{\"@id\":\"https:\/\/sarmingasukis.lt\/#website\"},\"primaryImageOfPage\":{\"@id\":\"https:\/\/sarmingasukis.lt\/index.php\/kas\/#primaryimage\"},\"datePublished\":\"2021-04-22T15:34:40+00:00\",\"dateModified\":\"2021-04-23T07:52:41+00:00\",\"description\":\"\\u0160armingas \\u016bkis, \\u012fsik\\u016br\\u0119s Varni\\u0161ki\\u0173 mi\\u0161kuose (Trak\\u0173 rajone) dalinasi savo mi\\u0161ko, dar\\u017eo ir sodo g\\u0117ryb\\u0117mis. Tikras, skanus ir sveikas maistas.\",\"breadcrumb\":{\"@id\":\"https:\/\/sarmingasukis.lt\/index.php\/kas\/#breadcrumb\"},\"inLanguage\":\"lt-LT\",\"potentialAction\":[{\"@type\":\"ReadAction\",\"target\":[\"https:\/\/sarmingasukis.lt\/index.php\/kas\/\"]}]},{\"@type\":\"BreadcrumbList\",\"@id\":\"https:\/\/sarmingasukis.lt\/index.php\/kas\/#breadcrumb\",\"itemListElement\":[{\"@type\":\"ListItem\",\"position\":1,\"item\":{\"@type\":\"WebPage\",\"@id\":\"https:\/\/sarmingasukis.lt\/\",\"url\":\"https:\/\/sarmingasukis.lt\/\",\"name\":\"Home\"}},{\"@type\":\"ListItem\",\"position\":2,\"item\":{\"@type\":\"WebPage\",\"@id\":\"https:\/\/sarmingasukis.lt\/index.php\/kas\/\",\"url\":\"https:\/\/sarmingasukis.lt\/index.php\/kas\/\",\"name\":\"Kas?\"}}]}]}<\/script>\n<!-- \/ Yoast SEO plugin. -->","_links":{"self":[{"href":"https:\/\/sarmingasukis.lt\/index.php\/wp-json\/wp\/v2\/pages\/21"}],"collection":[{"href":"https:\/\/sarmingasukis.lt\/index.php\/wp-json\/wp\/v2\/pages"}],"about":[{"href":"https:\/\/sarmingasukis.lt\/index.php\/wp-json\/wp\/v2\/types\/page"}],"author":[{"embeddable":true,"href":"https:\/\/sarmingasukis.lt\/index.php\/wp-json\/wp\/v2\/users\/1"}],"replies":[{"embeddable":true,"href":"https:\/\/sarmingasukis.lt\/index.php\/wp-json\/wp\/v2\/comments?post=21"}],"version-history":[{"count":3,"href":"https:\/\/sarmingasukis.lt\/index.php\/wp-json\/wp\/v2\/pages\/21\/revisions"}],"predecessor-version":[{"id":63,"href":"https:\/\/sarmingasukis.lt\/index.php\/wp-json\/wp\/v2\/pages\/21\/revisions\/63"}],"wp:attachment":[{"href":"https:\/\/sarmingasukis.lt\/index.php\/wp-json\/wp\/v2\/media?parent=21"}],"curies":[{"name":"wp","href":"https:\/\/api.w.org\/{rel}","templated":true}]}}