{"id":23,"date":"2021-04-22T15:34:40","date_gmt":"2021-04-22T15:34:40","guid":{"rendered":"https:\/\/sarmingasukis.lt\/?page_id=23"},"modified":"2021-04-23T08:05:57","modified_gmt":"2021-04-23T08:05:57","slug":"kur","status":"publish","type":"page","link":"https:\/\/sarmingasukis.lt\/index.php\/kur\/","title":{"rendered":"Kur?"},"content":{"rendered":"<div id=\"vuukle-powerbar\" class=\"vuukle-powerbar powerbarBoxDiv\" style=\" \" data-styles=\"\"><\/div><div id=\"vuukle-powerbar\" class=\"vuukle-powerbar-vertical powerbarBoxDiv\" style=\"position:fixed;                                                             z-index: 10001;                                                            width: 60px;                                                            max-width: 60px;                                                           left: 10px;                                                             top: 160px;min-height: 50px; \" data-styles=\"position:fixed;                                                             z-index: 10001;                                                            width: 60px;                                                            max-width: 60px;                                                           left: 10px;                                                             top: 160px;min-height: 50px;\"><\/div>\n<p>Atsiimti u\u017esakytas g\u0117rybes galite pirmadieniais 7-9 val. Savanori\u0173 pr. 123a, Vilniuje.<\/p>\n\n\n\n<iframe src=\"https:\/\/www.google.com\/maps\/embed?pb=!1m18!1m12!1m3!1d2307.797961082371!2d25.23015731586669!3d54.66038198027537!2m3!1f0!2f0!3f0!3m2!1i1024!2i768!4f13.1!3m3!1m2!1s0x46dd9481c2ded217%3A0xf4345883ee7d9ef6!2sSavanori%C5%B3%20pr.%20123A%2C%20Vilnius%2003150!5e0!3m2!1slt!2slt!4v1619164804411!5m2!1slt!2slt\" width=\"400\" height=\"300\" style=\"border:0;\" allowfullscreen=\"\" loading=\"lazy\"><\/iframe>\n\n\n\n<p>Taip pat darbo dienomis u\u017e papildom\u0105 3 eur mokest\u012f pristatome u\u017esakymus Vilniuje ir Trak\u0173 rajone i\u0161 anksto suderintu laiku.<\/p>\n\n\n\n<p>\u0160armingas \u016bkis yra \u012fsik\u016br\u0119s Karali\u0161ki\u0173 k., R\u016bdi\u0161ki\u0173 sen., Trak\u0173 rajone.<\/p>\n\n\n\n<iframe src=\"https:\/\/www.google.com\/maps\/embed?pb=!1m18!1m12!1m3!1d4634.807771560454!2d24.856527978555025!3d54.49109877093926!2m3!1f0!2f0!3f0!3m2!1i1024!2i768!4f13.1!3m3!1m2!1s0x46ddfa95124889cf%3A0xaf1b63dfc3be531d!2zS2FyYWxpxaFrxJdzIDIxMTc3!5e0!3m2!1slt!2slt!4v1619164991698!5m2!1slt!2slt\" width=\"400\" height=\"300\" style=\"border:0;\" allowfullscreen=\"\" loading=\"lazy\"><\/iframe>\n\n\n\n<p>Su mumis susisiekti galite el.pa\u0161tu info@saringasukis.lt arba telefonu.<\/p>\n<div id=\"vuukle-powerbar\" class=\"vuukle-powerbar powerbarBoxDiv\" style=\"\" data-styles=\"\"><\/div><div id=\"vuukle-emote\"  class=\"emotesBoxDiv\"><\/div>","protected":false},"excerpt":{"rendered":"<p>Atsiimti u\u017esakytas g\u0117rybes galite pirmadieniais 7-9 val. Savanori\u0173 pr. 123a, Vilniuje. Taip pat darbo dienomis u\u017e papildom\u0105 3 eur mokest\u012f pristatome u\u017esakymus Vilniuje ir Trak\u0173 rajone i\u0161 anksto suderintu laiku. \u0160armingas \u016bkis yra \u012fsik\u016br\u0119s Karali\u0161ki\u0173 k., R\u016bdi\u0161ki\u0173 sen., Trak\u0173 rajone&#8230;. <\/p>\n<div class=\"readmore-section\"><a href=\"https:\/\/sarmingasukis.lt\/index.php\/kur\/\"><input type=\"submit\" name=\"submit\" value=\"Continue reading&#8230;\" class=\"readmore-btn\" ><\/a><\/div>\n","protected":false},"author":1,"featured_media":0,"parent":0,"menu_order":0,"comment_status":"closed","ping_status":"closed","template":"","meta":{"spay_email":"","footnotes":""},"class_list":["post-23","page","type-page","status-publish","hentry"],"yoast_head":"<!-- This site is optimized with the Yoast SEO plugin v16.1.1 - https:\/\/yoast.com\/wordpress\/plugins\/seo\/ -->\n<title>Kur? - \u0160armingas \u016bkis<\/title>\n<meta name=\"description\" content=\"\u0160armingas \u016bkis \u012fsik\u016br\u0119s Karali\u0161ki\u0173 km., R\u016bdi\u0161ki\u0173 sen., Trak\u0173 raj.\" \/>\n<link rel=\"canonical\" href=\"https:\/\/sarmingasukis.lt\/index.php\/kur\/\" \/>\n<meta property=\"og:locale\" content=\"lt_LT\" \/>\n<meta property=\"og:type\" content=\"article\" \/>\n<meta property=\"og:title\" content=\"Kur? - \u0160armingas \u016bkis\" \/>\n<meta property=\"og:description\" content=\"\u0160armingas \u016bkis \u012fsik\u016br\u0119s Karali\u0161ki\u0173 km., R\u016bdi\u0161ki\u0173 sen., Trak\u0173 raj.\" \/>\n<meta property=\"og:url\" content=\"https:\/\/sarmingasukis.lt\/index.php\/kur\/\" \/>\n<meta property=\"og:site_name\" content=\"\u0160armingas \u016bkis\" \/>\n<meta property=\"article:modified_time\" content=\"2021-04-23T08:05:57+00:00\" \/>\n<meta name=\"twitter:card\" content=\"summary_large_image\" \/>\n<meta name=\"twitter:label1\" content=\"Est. reading time\">\n\t<meta name=\"twitter:data1\" content=\"1 minut\u0117\">\n<script type=\"application\/ld+json\" class=\"yoast-schema-graph\">{\"@context\":\"https:\/\/schema.org\",\"@graph\":[{\"@type\":\"WebSite\",\"@id\":\"https:\/\/sarmingasukis.lt\/#website\",\"url\":\"https:\/\/sarmingasukis.lt\/\",\"name\":\"\\u0160armingas \\u016bkis\",\"description\":\"Just another WordPress site\",\"potentialAction\":[{\"@type\":\"SearchAction\",\"target\":\"https:\/\/sarmingasukis.lt\/?s={search_term_string}\",\"query-input\":\"required name=search_term_string\"}],\"inLanguage\":\"lt-LT\"},{\"@type\":\"WebPage\",\"@id\":\"https:\/\/sarmingasukis.lt\/index.php\/kur\/#webpage\",\"url\":\"https:\/\/sarmingasukis.lt\/index.php\/kur\/\",\"name\":\"Kur? - \\u0160armingas \\u016bkis\",\"isPartOf\":{\"@id\":\"https:\/\/sarmingasukis.lt\/#website\"},\"datePublished\":\"2021-04-22T15:34:40+00:00\",\"dateModified\":\"2021-04-23T08:05:57+00:00\",\"description\":\"\\u0160armingas \\u016bkis \\u012fsik\\u016br\\u0119s Karali\\u0161ki\\u0173 km., R\\u016bdi\\u0161ki\\u0173 sen., Trak\\u0173 raj.\",\"breadcrumb\":{\"@id\":\"https:\/\/sarmingasukis.lt\/index.php\/kur\/#breadcrumb\"},\"inLanguage\":\"lt-LT\",\"potentialAction\":[{\"@type\":\"ReadAction\",\"target\":[\"https:\/\/sarmingasukis.lt\/index.php\/kur\/\"]}]},{\"@type\":\"BreadcrumbList\",\"@id\":\"https:\/\/sarmingasukis.lt\/index.php\/kur\/#breadcrumb\",\"itemListElement\":[{\"@type\":\"ListItem\",\"position\":1,\"item\":{\"@type\":\"WebPage\",\"@id\":\"https:\/\/sarmingasukis.lt\/\",\"url\":\"https:\/\/sarmingasukis.lt\/\",\"name\":\"Home\"}},{\"@type\":\"ListItem\",\"position\":2,\"item\":{\"@type\":\"WebPage\",\"@id\":\"https:\/\/sarmingasukis.lt\/index.php\/kur\/\",\"url\":\"https:\/\/sarmingasukis.lt\/index.php\/kur\/\",\"name\":\"Kur?\"}}]}]}<\/script>\n<!-- \/ Yoast SEO plugin. -->","_links":{"self":[{"href":"https:\/\/sarmingasukis.lt\/index.php\/wp-json\/wp\/v2\/pages\/23"}],"collection":[{"href":"https:\/\/sarmingasukis.lt\/index.php\/wp-json\/wp\/v2\/pages"}],"about":[{"href":"https:\/\/sarmingasukis.lt\/index.php\/wp-json\/wp\/v2\/types\/page"}],"author":[{"embeddable":true,"href":"https:\/\/sarmingasukis.lt\/index.php\/wp-json\/wp\/v2\/users\/1"}],"replies":[{"embeddable":true,"href":"https:\/\/sarmingasukis.lt\/index.php\/wp-json\/wp\/v2\/comments?post=23"}],"version-history":[{"count":2,"href":"https:\/\/sarmingasukis.lt\/index.php\/wp-json\/wp\/v2\/pages\/23\/revisions"}],"predecessor-version":[{"id":65,"href":"https:\/\/sarmingasukis.lt\/index.php\/wp-json\/wp\/v2\/pages\/23\/revisions\/65"}],"wp:attachment":[{"href":"https:\/\/sarmingasukis.lt\/index.php\/wp-json\/wp\/v2\/media?parent=23"}],"curies":[{"name":"wp","href":"https:\/\/api.w.org\/{rel}","templated":true}]}}